{"id":1004,"date":"2022-04-01T15:33:20","date_gmt":"2022-04-01T13:33:20","guid":{"rendered":"https:\/\/s-bond.de\/?page_id=1004"},"modified":"2023-11-06T11:39:56","modified_gmt":"2023-11-06T10:39:56","slug":"lote","status":"publish","type":"page","link":"https:\/\/s-bond.de\/de\/lote\/","title":{"rendered":"Lote"},"content":{"rendered":"","protected":false},"excerpt":{"rendered":"","protected":false},"author":3,"featured_media":1732,"parent":0,"menu_order":0,"comment_status":"closed","ping_status":"closed","template":"","meta":[],"yoast_head":"<!-- This site is optimized with the Yoast SEO plugin v15.8 - https:\/\/yoast.com\/wordpress\/plugins\/seo\/ -->\n<title>Lote - S-Bond<\/title>\n<meta name=\"description\" content=\"Zur S-Bond\u00ae Ultraschall- L\u00f6ttechnik gibt es passende Lote f\u00fcr beliebige Anwendungen. Passende Lote mit dazugeh\u00f6rigen Datenbl\u00e4ttern finde Sie hier.\" \/>\n<meta name=\"robots\" content=\"index, follow, max-snippet:-1, max-image-preview:large, max-video-preview:-1\" \/>\n<link rel=\"canonical\" href=\"https:\/\/s-bond.de\/de\/lote\/\" \/>\n<meta property=\"og:locale\" content=\"de_DE\" \/>\n<meta property=\"og:type\" content=\"article\" \/>\n<meta property=\"og:title\" content=\"Lote - S-Bond\" \/>\n<meta property=\"og:description\" content=\"Zur S-Bond\u00ae Ultraschall- L\u00f6ttechnik gibt es passende Lote f\u00fcr beliebige Anwendungen. Passende Lote mit dazugeh\u00f6rigen Datenbl\u00e4ttern finde Sie hier.\" \/>\n<meta property=\"og:url\" content=\"https:\/\/s-bond.de\/de\/lote\/\" \/>\n<meta property=\"og:site_name\" content=\"S-Bond\" \/>\n<meta property=\"article:modified_time\" content=\"2023-11-06T10:39:56+00:00\" \/>\n<meta property=\"og:image\" content=\"https:\/\/s-bond.de\/app\/uploads\/2022\/11\/1_bearbeitet-scaled.jpg\" \/>\n\t<meta property=\"og:image:width\" content=\"2560\" \/>\n\t<meta property=\"og:image:height\" content=\"2275\" \/>\n<meta name=\"twitter:card\" content=\"summary_large_image\" \/>\n<script type=\"application\/ld+json\" class=\"yoast-schema-graph\">{\"@context\":\"https:\/\/schema.org\",\"@graph\":[{\"@type\":\"WebSite\",\"@id\":\"https:\/\/s-bond.de\/#website\",\"url\":\"https:\/\/s-bond.de\/\",\"name\":\"S-Bond\",\"description\":\"\",\"potentialAction\":[{\"@type\":\"SearchAction\",\"target\":\"https:\/\/s-bond.de\/?s={search_term_string}\",\"query-input\":\"required name=search_term_string\"}],\"inLanguage\":\"de-DE\"},{\"@type\":\"ImageObject\",\"@id\":\"https:\/\/s-bond.de\/de\/lote\/#primaryimage\",\"inLanguage\":\"de-DE\",\"url\":\"https:\/\/s-bond.de\/app\/uploads\/2022\/11\/1_bearbeitet-scaled.jpg\",\"width\":2560,\"height\":2275},{\"@type\":\"WebPage\",\"@id\":\"https:\/\/s-bond.de\/de\/lote\/#webpage\",\"url\":\"https:\/\/s-bond.de\/de\/lote\/\",\"name\":\"Lote - S-Bond\",\"isPartOf\":{\"@id\":\"https:\/\/s-bond.de\/#website\"},\"primaryImageOfPage\":{\"@id\":\"https:\/\/s-bond.de\/de\/lote\/#primaryimage\"},\"datePublished\":\"2022-04-01T13:33:20+00:00\",\"dateModified\":\"2023-11-06T10:39:56+00:00\",\"description\":\"Zur S-Bond\\u00ae Ultraschall- L\\u00f6ttechnik gibt es passende Lote f\\u00fcr beliebige Anwendungen. Passende Lote mit dazugeh\\u00f6rigen Datenbl\\u00e4ttern finde Sie hier.\",\"breadcrumb\":{\"@id\":\"https:\/\/s-bond.de\/de\/lote\/#breadcrumb\"},\"inLanguage\":\"de-DE\",\"potentialAction\":[{\"@type\":\"ReadAction\",\"target\":[\"https:\/\/s-bond.de\/de\/lote\/\"]}]},{\"@type\":\"BreadcrumbList\",\"@id\":\"https:\/\/s-bond.de\/de\/lote\/#breadcrumb\",\"itemListElement\":[{\"@type\":\"ListItem\",\"position\":1,\"item\":{\"@type\":\"WebPage\",\"@id\":\"https:\/\/s-bond.de\/de\/\",\"url\":\"https:\/\/s-bond.de\/de\/\",\"name\":\"Home\"}},{\"@type\":\"ListItem\",\"position\":2,\"item\":{\"@type\":\"WebPage\",\"@id\":\"https:\/\/s-bond.de\/de\/lote\/\",\"url\":\"https:\/\/s-bond.de\/de\/lote\/\",\"name\":\"Lote\"}}]}]}<\/script>\n<!-- \/ Yoast SEO plugin. -->","_links":{"self":[{"href":"https:\/\/s-bond.de\/de\/wp-json\/wp\/v2\/pages\/1004"}],"collection":[{"href":"https:\/\/s-bond.de\/de\/wp-json\/wp\/v2\/pages"}],"about":[{"href":"https:\/\/s-bond.de\/de\/wp-json\/wp\/v2\/types\/page"}],"author":[{"embeddable":true,"href":"https:\/\/s-bond.de\/de\/wp-json\/wp\/v2\/users\/3"}],"replies":[{"embeddable":true,"href":"https:\/\/s-bond.de\/de\/wp-json\/wp\/v2\/comments?post=1004"}],"version-history":[{"count":58,"href":"https:\/\/s-bond.de\/de\/wp-json\/wp\/v2\/pages\/1004\/revisions"}],"predecessor-version":[{"id":1825,"href":"https:\/\/s-bond.de\/de\/wp-json\/wp\/v2\/pages\/1004\/revisions\/1825"}],"wp:featuredmedia":[{"embeddable":true,"href":"https:\/\/s-bond.de\/de\/wp-json\/wp\/v2\/media\/1732"}],"wp:attachment":[{"href":"https:\/\/s-bond.de\/de\/wp-json\/wp\/v2\/media?parent=1004"}],"curies":[{"name":"wp","href":"https:\/\/api.w.org\/{rel}","templated":true}]}}