{"id":1202,"date":"2022-07-21T11:39:20","date_gmt":"2022-07-21T09:39:20","guid":{"rendered":"https:\/\/s-bond.de\/?page_id=1202"},"modified":"2022-11-30T14:23:50","modified_gmt":"2022-11-30T13:23:50","slug":"home","status":"publish","type":"page","link":"https:\/\/s-bond.de\/de\/","title":{"rendered":"Home"},"content":{"rendered":"","protected":false},"excerpt":{"rendered":"","protected":false},"author":3,"featured_media":775,"parent":0,"menu_order":0,"comment_status":"closed","ping_status":"closed","template":"","meta":[],"yoast_head":"<!-- This site is optimized with the Yoast SEO plugin v15.8 - https:\/\/yoast.com\/wordpress\/plugins\/seo\/ -->\n<title>Home - S-Bond<\/title>\n<meta name=\"description\" content=\"Willkommen bei S-Bond\u00ae, eine L\u00f6sung der Euromat GmbH. Bei der Suche nach einem flussmittelfreien L\u00f6tverfahren sind Sie bei unserer Ultraschall-L\u00f6ttechnik richtig!\" \/>\n<meta name=\"robots\" content=\"index, follow, max-snippet:-1, max-image-preview:large, max-video-preview:-1\" \/>\n<link rel=\"canonical\" href=\"https:\/\/s-bond.de\/de\/\" \/>\n<meta property=\"og:locale\" content=\"de_DE\" \/>\n<meta property=\"og:type\" content=\"article\" \/>\n<meta property=\"og:title\" content=\"Home - S-Bond\" \/>\n<meta property=\"og:description\" content=\"Willkommen bei S-Bond\u00ae, eine L\u00f6sung der Euromat GmbH. Bei der Suche nach einem flussmittelfreien L\u00f6tverfahren sind Sie bei unserer Ultraschall-L\u00f6ttechnik richtig!\" \/>\n<meta property=\"og:url\" content=\"https:\/\/s-bond.de\/de\/\" \/>\n<meta property=\"og:site_name\" content=\"S-Bond\" \/>\n<meta property=\"article:modified_time\" content=\"2022-11-30T13:23:50+00:00\" \/>\n<meta property=\"og:image\" content=\"https:\/\/s-bond.de\/app\/uploads\/2022\/03\/iStock_87492095_XLARGE.jpg\" \/>\n\t<meta property=\"og:image:width\" content=\"1920\" \/>\n\t<meta property=\"og:image:height\" content=\"1281\" \/>\n<meta name=\"twitter:card\" content=\"summary_large_image\" \/>\n<script type=\"application\/ld+json\" class=\"yoast-schema-graph\">{\"@context\":\"https:\/\/schema.org\",\"@graph\":[{\"@type\":\"WebSite\",\"@id\":\"https:\/\/s-bond.de\/#website\",\"url\":\"https:\/\/s-bond.de\/\",\"name\":\"S-Bond\",\"description\":\"\",\"potentialAction\":[{\"@type\":\"SearchAction\",\"target\":\"https:\/\/s-bond.de\/?s={search_term_string}\",\"query-input\":\"required name=search_term_string\"}],\"inLanguage\":\"de-DE\"},{\"@type\":\"ImageObject\",\"@id\":\"https:\/\/s-bond.de\/de\/#primaryimage\",\"inLanguage\":\"de-DE\",\"url\":\"https:\/\/s-bond.de\/app\/uploads\/2022\/03\/iStock_87492095_XLARGE.jpg\",\"width\":1920,\"height\":1281,\"caption\":\"Electronic technician repairs digital tablet\"},{\"@type\":\"WebPage\",\"@id\":\"https:\/\/s-bond.de\/de\/#webpage\",\"url\":\"https:\/\/s-bond.de\/de\/\",\"name\":\"Home - S-Bond\",\"isPartOf\":{\"@id\":\"https:\/\/s-bond.de\/#website\"},\"primaryImageOfPage\":{\"@id\":\"https:\/\/s-bond.de\/de\/#primaryimage\"},\"datePublished\":\"2022-07-21T09:39:20+00:00\",\"dateModified\":\"2022-11-30T13:23:50+00:00\",\"description\":\"Willkommen bei S-Bond\\u00ae, eine L\\u00f6sung der Euromat GmbH. Bei der Suche nach einem flussmittelfreien L\\u00f6tverfahren sind Sie bei unserer Ultraschall-L\\u00f6ttechnik richtig!\",\"breadcrumb\":{\"@id\":\"https:\/\/s-bond.de\/de\/#breadcrumb\"},\"inLanguage\":\"de-DE\",\"potentialAction\":[{\"@type\":\"ReadAction\",\"target\":[\"https:\/\/s-bond.de\/de\/\"]}]},{\"@type\":\"BreadcrumbList\",\"@id\":\"https:\/\/s-bond.de\/de\/#breadcrumb\",\"itemListElement\":[{\"@type\":\"ListItem\",\"position\":1,\"item\":{\"@type\":\"WebPage\",\"@id\":\"https:\/\/s-bond.de\/de\/\",\"url\":\"https:\/\/s-bond.de\/de\/\",\"name\":\"Home\"}},{\"@type\":\"ListItem\",\"position\":2,\"item\":{\"@type\":\"WebPage\",\"@id\":\"https:\/\/s-bond.de\/de\/\",\"url\":\"https:\/\/s-bond.de\/de\/\",\"name\":\"Home\"}}]}]}<\/script>\n<!-- \/ Yoast SEO plugin. -->","_links":{"self":[{"href":"https:\/\/s-bond.de\/de\/wp-json\/wp\/v2\/pages\/1202"}],"collection":[{"href":"https:\/\/s-bond.de\/de\/wp-json\/wp\/v2\/pages"}],"about":[{"href":"https:\/\/s-bond.de\/de\/wp-json\/wp\/v2\/types\/page"}],"author":[{"embeddable":true,"href":"https:\/\/s-bond.de\/de\/wp-json\/wp\/v2\/users\/3"}],"replies":[{"embeddable":true,"href":"https:\/\/s-bond.de\/de\/wp-json\/wp\/v2\/comments?post=1202"}],"version-history":[{"count":16,"href":"https:\/\/s-bond.de\/de\/wp-json\/wp\/v2\/pages\/1202\/revisions"}],"predecessor-version":[{"id":1757,"href":"https:\/\/s-bond.de\/de\/wp-json\/wp\/v2\/pages\/1202\/revisions\/1757"}],"wp:featuredmedia":[{"embeddable":true,"href":"https:\/\/s-bond.de\/de\/wp-json\/wp\/v2\/media\/775"}],"wp:attachment":[{"href":"https:\/\/s-bond.de\/de\/wp-json\/wp\/v2\/media?parent=1202"}],"curies":[{"name":"wp","href":"https:\/\/api.w.org\/{rel}","templated":true}]}}