{"id":685,"date":"2022-03-23T09:56:26","date_gmt":"2022-03-23T08:56:26","guid":{"rendered":"https:\/\/s-bond.de\/?page_id=685"},"modified":"2023-02-16T12:12:02","modified_gmt":"2023-02-16T11:12:02","slug":"technologie","status":"publish","type":"page","link":"https:\/\/s-bond.de\/de\/technologie\/","title":{"rendered":"Technologie"},"content":{"rendered":"","protected":false},"excerpt":{"rendered":"","protected":false},"author":3,"featured_media":144,"parent":0,"menu_order":0,"comment_status":"closed","ping_status":"closed","template":"","meta":[],"yoast_head":"<!-- This site is optimized with the Yoast SEO plugin v15.8 - https:\/\/yoast.com\/wordpress\/plugins\/seo\/ -->\n<title>Technologie - S-Bond<\/title>\n<meta name=\"description\" content=\"Unsere S-Bond\u00ae Ultraschall-L\u00f6ttechnik bietet eine umweltfreundliche L\u00f6sung, perfekte L\u00f6tungen,eine hohes Kosteneinsparungspotential, sowie die Erm\u00f6glichung neuer Anwendungsentwicklungen\" \/>\n<meta name=\"robots\" content=\"index, follow, max-snippet:-1, max-image-preview:large, max-video-preview:-1\" \/>\n<link rel=\"canonical\" href=\"https:\/\/s-bond.de\/de\/technologie\/\" \/>\n<meta property=\"og:locale\" content=\"de_DE\" \/>\n<meta property=\"og:type\" content=\"article\" \/>\n<meta property=\"og:title\" content=\"Technologie - S-Bond\" \/>\n<meta property=\"og:description\" content=\"Unsere S-Bond\u00ae Ultraschall-L\u00f6ttechnik bietet eine umweltfreundliche L\u00f6sung, perfekte L\u00f6tungen,eine hohes Kosteneinsparungspotential, sowie die Erm\u00f6glichung neuer Anwendungsentwicklungen\" \/>\n<meta property=\"og:url\" content=\"https:\/\/s-bond.de\/de\/technologie\/\" \/>\n<meta property=\"og:site_name\" content=\"S-Bond\" \/>\n<meta property=\"article:modified_time\" content=\"2023-02-16T11:12:02+00:00\" \/>\n<meta property=\"og:image\" content=\"https:\/\/s-bond.de\/app\/uploads\/2021\/05\/titlepic-home.jpeg\" \/>\n\t<meta property=\"og:image:width\" content=\"1920\" \/>\n\t<meta property=\"og:image:height\" content=\"850\" \/>\n<meta name=\"twitter:card\" content=\"summary_large_image\" \/>\n<script type=\"application\/ld+json\" class=\"yoast-schema-graph\">{\"@context\":\"https:\/\/schema.org\",\"@graph\":[{\"@type\":\"WebSite\",\"@id\":\"https:\/\/s-bond.de\/#website\",\"url\":\"https:\/\/s-bond.de\/\",\"name\":\"S-Bond\",\"description\":\"\",\"potentialAction\":[{\"@type\":\"SearchAction\",\"target\":\"https:\/\/s-bond.de\/?s={search_term_string}\",\"query-input\":\"required name=search_term_string\"}],\"inLanguage\":\"de-DE\"},{\"@type\":\"ImageObject\",\"@id\":\"https:\/\/s-bond.de\/de\/technologie\/#primaryimage\",\"inLanguage\":\"de-DE\",\"url\":\"https:\/\/s-bond.de\/app\/uploads\/2021\/05\/titlepic-home.jpeg\",\"width\":1920,\"height\":850},{\"@type\":\"WebPage\",\"@id\":\"https:\/\/s-bond.de\/de\/technologie\/#webpage\",\"url\":\"https:\/\/s-bond.de\/de\/technologie\/\",\"name\":\"Technologie - S-Bond\",\"isPartOf\":{\"@id\":\"https:\/\/s-bond.de\/#website\"},\"primaryImageOfPage\":{\"@id\":\"https:\/\/s-bond.de\/de\/technologie\/#primaryimage\"},\"datePublished\":\"2022-03-23T08:56:26+00:00\",\"dateModified\":\"2023-02-16T11:12:02+00:00\",\"description\":\"Unsere S-Bond\\u00ae Ultraschall-L\\u00f6ttechnik bietet eine umweltfreundliche L\\u00f6sung, perfekte L\\u00f6tungen,eine hohes Kosteneinsparungspotential, sowie die Erm\\u00f6glichung neuer Anwendungsentwicklungen\",\"breadcrumb\":{\"@id\":\"https:\/\/s-bond.de\/de\/technologie\/#breadcrumb\"},\"inLanguage\":\"de-DE\",\"potentialAction\":[{\"@type\":\"ReadAction\",\"target\":[\"https:\/\/s-bond.de\/de\/technologie\/\"]}]},{\"@type\":\"BreadcrumbList\",\"@id\":\"https:\/\/s-bond.de\/de\/technologie\/#breadcrumb\",\"itemListElement\":[{\"@type\":\"ListItem\",\"position\":1,\"item\":{\"@type\":\"WebPage\",\"@id\":\"https:\/\/s-bond.de\/de\/\",\"url\":\"https:\/\/s-bond.de\/de\/\",\"name\":\"Home\"}},{\"@type\":\"ListItem\",\"position\":2,\"item\":{\"@type\":\"WebPage\",\"@id\":\"https:\/\/s-bond.de\/de\/technologie\/\",\"url\":\"https:\/\/s-bond.de\/de\/technologie\/\",\"name\":\"Technologie\"}}]}]}<\/script>\n<!-- \/ Yoast SEO plugin. -->","_links":{"self":[{"href":"https:\/\/s-bond.de\/de\/wp-json\/wp\/v2\/pages\/685"}],"collection":[{"href":"https:\/\/s-bond.de\/de\/wp-json\/wp\/v2\/pages"}],"about":[{"href":"https:\/\/s-bond.de\/de\/wp-json\/wp\/v2\/types\/page"}],"author":[{"embeddable":true,"href":"https:\/\/s-bond.de\/de\/wp-json\/wp\/v2\/users\/3"}],"replies":[{"embeddable":true,"href":"https:\/\/s-bond.de\/de\/wp-json\/wp\/v2\/comments?post=685"}],"version-history":[{"count":28,"href":"https:\/\/s-bond.de\/de\/wp-json\/wp\/v2\/pages\/685\/revisions"}],"predecessor-version":[{"id":1771,"href":"https:\/\/s-bond.de\/de\/wp-json\/wp\/v2\/pages\/685\/revisions\/1771"}],"wp:featuredmedia":[{"embeddable":true,"href":"https:\/\/s-bond.de\/de\/wp-json\/wp\/v2\/media\/144"}],"wp:attachment":[{"href":"https:\/\/s-bond.de\/de\/wp-json\/wp\/v2\/media?parent=685"}],"curies":[{"name":"wp","href":"https:\/\/api.w.org\/{rel}","templated":true}]}}