{"id":884,"date":"2022-03-23T12:24:38","date_gmt":"2022-03-23T11:24:38","guid":{"rendered":"https:\/\/s-bond.de\/?page_id=884"},"modified":"2022-10-07T11:52:31","modified_gmt":"2022-10-07T09:52:31","slug":"service-dienstleistungen","status":"publish","type":"page","link":"https:\/\/s-bond.de\/de\/service-dienstleistungen\/","title":{"rendered":"Dienstleistungen"},"content":{"rendered":"","protected":false},"excerpt":{"rendered":"","protected":false},"author":3,"featured_media":1560,"parent":0,"menu_order":0,"comment_status":"closed","ping_status":"closed","template":"","meta":[],"yoast_head":"<!-- This site is optimized with the Yoast SEO plugin v15.8 - https:\/\/yoast.com\/wordpress\/plugins\/seo\/ -->\n<title>Dienstleistungen - S-Bond<\/title>\n<meta name=\"description\" content=\"Zu unserem Service geh\u00f6rt die Beratung, Analyse und Konzeptionierung, Engineering und Prozessentwicklung, sowie der L\u00f6tservice, L\u00f6tmaterialien und Ultraschall-Ger\u00e4te\" \/>\n<meta name=\"robots\" content=\"index, follow, max-snippet:-1, max-image-preview:large, max-video-preview:-1\" \/>\n<link rel=\"canonical\" href=\"https:\/\/s-bond.de\/de\/service-dienstleistungen\/\" \/>\n<meta property=\"og:locale\" content=\"de_DE\" \/>\n<meta property=\"og:type\" content=\"article\" \/>\n<meta property=\"og:title\" content=\"Dienstleistungen - S-Bond\" \/>\n<meta property=\"og:description\" content=\"Zu unserem Service geh\u00f6rt die Beratung, Analyse und Konzeptionierung, Engineering und Prozessentwicklung, sowie der L\u00f6tservice, L\u00f6tmaterialien und Ultraschall-Ger\u00e4te\" \/>\n<meta property=\"og:url\" content=\"https:\/\/s-bond.de\/de\/service-dienstleistungen\/\" \/>\n<meta property=\"og:site_name\" content=\"S-Bond\" \/>\n<meta property=\"article:modified_time\" content=\"2022-10-07T09:52:31+00:00\" \/>\n<meta property=\"og:image\" content=\"https:\/\/s-bond.de\/app\/uploads\/2022\/09\/pexels-fauxels-3184292-1-scaled.jpg\" \/>\n\t<meta property=\"og:image:width\" content=\"2560\" \/>\n\t<meta property=\"og:image:height\" content=\"1440\" \/>\n<meta name=\"twitter:card\" content=\"summary_large_image\" \/>\n<script type=\"application\/ld+json\" class=\"yoast-schema-graph\">{\"@context\":\"https:\/\/schema.org\",\"@graph\":[{\"@type\":\"WebSite\",\"@id\":\"https:\/\/s-bond.de\/#website\",\"url\":\"https:\/\/s-bond.de\/\",\"name\":\"S-Bond\",\"description\":\"\",\"potentialAction\":[{\"@type\":\"SearchAction\",\"target\":\"https:\/\/s-bond.de\/?s={search_term_string}\",\"query-input\":\"required name=search_term_string\"}],\"inLanguage\":\"de-DE\"},{\"@type\":\"ImageObject\",\"@id\":\"https:\/\/s-bond.de\/de\/service-dienstleistungen\/#primaryimage\",\"inLanguage\":\"de-DE\",\"url\":\"https:\/\/s-bond.de\/app\/uploads\/2022\/09\/pexels-fauxels-3184292-1-scaled.jpg\",\"width\":2560,\"height\":1440},{\"@type\":\"WebPage\",\"@id\":\"https:\/\/s-bond.de\/de\/service-dienstleistungen\/#webpage\",\"url\":\"https:\/\/s-bond.de\/de\/service-dienstleistungen\/\",\"name\":\"Dienstleistungen - S-Bond\",\"isPartOf\":{\"@id\":\"https:\/\/s-bond.de\/#website\"},\"primaryImageOfPage\":{\"@id\":\"https:\/\/s-bond.de\/de\/service-dienstleistungen\/#primaryimage\"},\"datePublished\":\"2022-03-23T11:24:38+00:00\",\"dateModified\":\"2022-10-07T09:52:31+00:00\",\"description\":\"Zu unserem Service geh\\u00f6rt die Beratung, Analyse und Konzeptionierung, Engineering und Prozessentwicklung, sowie der L\\u00f6tservice, L\\u00f6tmaterialien und Ultraschall-Ger\\u00e4te\",\"breadcrumb\":{\"@id\":\"https:\/\/s-bond.de\/de\/service-dienstleistungen\/#breadcrumb\"},\"inLanguage\":\"de-DE\",\"potentialAction\":[{\"@type\":\"ReadAction\",\"target\":[\"https:\/\/s-bond.de\/de\/service-dienstleistungen\/\"]}]},{\"@type\":\"BreadcrumbList\",\"@id\":\"https:\/\/s-bond.de\/de\/service-dienstleistungen\/#breadcrumb\",\"itemListElement\":[{\"@type\":\"ListItem\",\"position\":1,\"item\":{\"@type\":\"WebPage\",\"@id\":\"https:\/\/s-bond.de\/de\/\",\"url\":\"https:\/\/s-bond.de\/de\/\",\"name\":\"Home\"}},{\"@type\":\"ListItem\",\"position\":2,\"item\":{\"@type\":\"WebPage\",\"@id\":\"https:\/\/s-bond.de\/de\/service-dienstleistungen\/\",\"url\":\"https:\/\/s-bond.de\/de\/service-dienstleistungen\/\",\"name\":\"Dienstleistungen\"}}]}]}<\/script>\n<!-- \/ Yoast SEO plugin. -->","_links":{"self":[{"href":"https:\/\/s-bond.de\/de\/wp-json\/wp\/v2\/pages\/884"}],"collection":[{"href":"https:\/\/s-bond.de\/de\/wp-json\/wp\/v2\/pages"}],"about":[{"href":"https:\/\/s-bond.de\/de\/wp-json\/wp\/v2\/types\/page"}],"author":[{"embeddable":true,"href":"https:\/\/s-bond.de\/de\/wp-json\/wp\/v2\/users\/3"}],"replies":[{"embeddable":true,"href":"https:\/\/s-bond.de\/de\/wp-json\/wp\/v2\/comments?post=884"}],"version-history":[{"count":18,"href":"https:\/\/s-bond.de\/de\/wp-json\/wp\/v2\/pages\/884\/revisions"}],"predecessor-version":[{"id":1652,"href":"https:\/\/s-bond.de\/de\/wp-json\/wp\/v2\/pages\/884\/revisions\/1652"}],"wp:featuredmedia":[{"embeddable":true,"href":"https:\/\/s-bond.de\/de\/wp-json\/wp\/v2\/media\/1560"}],"wp:attachment":[{"href":"https:\/\/s-bond.de\/de\/wp-json\/wp\/v2\/media?parent=884"}],"curies":[{"name":"wp","href":"https:\/\/api.w.org\/{rel}","templated":true}]}}