{"id":979,"date":"2022-03-30T13:33:37","date_gmt":"2022-03-30T11:33:37","guid":{"rendered":"https:\/\/s-bond.de\/?page_id=979"},"modified":"2022-09-26T14:23:13","modified_gmt":"2022-09-26T12:23:13","slug":"kontakt-2","status":"publish","type":"page","link":"https:\/\/s-bond.de\/de\/kontakt-2\/","title":{"rendered":"Kontakt"},"content":{"rendered":"","protected":false},"excerpt":{"rendered":"","protected":false},"author":3,"featured_media":145,"parent":0,"menu_order":0,"comment_status":"closed","ping_status":"closed","template":"","meta":[],"yoast_head":"<!-- This site is optimized with the Yoast SEO plugin v15.8 - https:\/\/yoast.com\/wordpress\/plugins\/seo\/ -->\n<title>Kontakt - S-Bond<\/title>\n<meta name=\"description\" content=\"Unsere Gesch\u00e4ftsr\u00e4ume finden Sie in Baesweiler, n\u00e4he Aachen\" \/>\n<meta name=\"robots\" content=\"index, follow, max-snippet:-1, max-image-preview:large, max-video-preview:-1\" \/>\n<link rel=\"canonical\" href=\"https:\/\/s-bond.de\/de\/kontakt-2\/\" \/>\n<meta property=\"og:locale\" content=\"de_DE\" \/>\n<meta property=\"og:type\" content=\"article\" \/>\n<meta property=\"og:title\" content=\"Kontakt - S-Bond\" \/>\n<meta property=\"og:description\" content=\"Unsere Gesch\u00e4ftsr\u00e4ume finden Sie in Baesweiler, n\u00e4he Aachen\" \/>\n<meta property=\"og:url\" content=\"https:\/\/s-bond.de\/de\/kontakt-2\/\" \/>\n<meta property=\"og:site_name\" content=\"S-Bond\" \/>\n<meta property=\"article:modified_time\" content=\"2022-09-26T12:23:13+00:00\" \/>\n<meta property=\"og:image\" content=\"https:\/\/s-bond.de\/app\/uploads\/2021\/05\/slider-keyvisual-euromat-1.jpeg\" \/>\n\t<meta property=\"og:image:width\" content=\"1920\" \/>\n\t<meta property=\"og:image:height\" content=\"850\" \/>\n<meta name=\"twitter:card\" content=\"summary_large_image\" \/>\n<script type=\"application\/ld+json\" class=\"yoast-schema-graph\">{\"@context\":\"https:\/\/schema.org\",\"@graph\":[{\"@type\":\"WebSite\",\"@id\":\"https:\/\/s-bond.de\/#website\",\"url\":\"https:\/\/s-bond.de\/\",\"name\":\"S-Bond\",\"description\":\"\",\"potentialAction\":[{\"@type\":\"SearchAction\",\"target\":\"https:\/\/s-bond.de\/?s={search_term_string}\",\"query-input\":\"required name=search_term_string\"}],\"inLanguage\":\"de-DE\"},{\"@type\":\"ImageObject\",\"@id\":\"https:\/\/s-bond.de\/de\/kontakt-2\/#primaryimage\",\"inLanguage\":\"de-DE\",\"url\":\"https:\/\/s-bond.de\/app\/uploads\/2021\/05\/slider-keyvisual-euromat-1.jpeg\",\"width\":1920,\"height\":850},{\"@type\":\"WebPage\",\"@id\":\"https:\/\/s-bond.de\/de\/kontakt-2\/#webpage\",\"url\":\"https:\/\/s-bond.de\/de\/kontakt-2\/\",\"name\":\"Kontakt - S-Bond\",\"isPartOf\":{\"@id\":\"https:\/\/s-bond.de\/#website\"},\"primaryImageOfPage\":{\"@id\":\"https:\/\/s-bond.de\/de\/kontakt-2\/#primaryimage\"},\"datePublished\":\"2022-03-30T11:33:37+00:00\",\"dateModified\":\"2022-09-26T12:23:13+00:00\",\"description\":\"Unsere Gesch\\u00e4ftsr\\u00e4ume finden Sie in Baesweiler, n\\u00e4he Aachen\",\"breadcrumb\":{\"@id\":\"https:\/\/s-bond.de\/de\/kontakt-2\/#breadcrumb\"},\"inLanguage\":\"de-DE\",\"potentialAction\":[{\"@type\":\"ReadAction\",\"target\":[\"https:\/\/s-bond.de\/de\/kontakt-2\/\"]}]},{\"@type\":\"BreadcrumbList\",\"@id\":\"https:\/\/s-bond.de\/de\/kontakt-2\/#breadcrumb\",\"itemListElement\":[{\"@type\":\"ListItem\",\"position\":1,\"item\":{\"@type\":\"WebPage\",\"@id\":\"https:\/\/s-bond.de\/de\/\",\"url\":\"https:\/\/s-bond.de\/de\/\",\"name\":\"Home\"}},{\"@type\":\"ListItem\",\"position\":2,\"item\":{\"@type\":\"WebPage\",\"@id\":\"https:\/\/s-bond.de\/de\/kontakt-2\/\",\"url\":\"https:\/\/s-bond.de\/de\/kontakt-2\/\",\"name\":\"Kontakt\"}}]}]}<\/script>\n<!-- \/ Yoast SEO plugin. -->","_links":{"self":[{"href":"https:\/\/s-bond.de\/de\/wp-json\/wp\/v2\/pages\/979"}],"collection":[{"href":"https:\/\/s-bond.de\/de\/wp-json\/wp\/v2\/pages"}],"about":[{"href":"https:\/\/s-bond.de\/de\/wp-json\/wp\/v2\/types\/page"}],"author":[{"embeddable":true,"href":"https:\/\/s-bond.de\/de\/wp-json\/wp\/v2\/users\/3"}],"replies":[{"embeddable":true,"href":"https:\/\/s-bond.de\/de\/wp-json\/wp\/v2\/comments?post=979"}],"version-history":[{"count":5,"href":"https:\/\/s-bond.de\/de\/wp-json\/wp\/v2\/pages\/979\/revisions"}],"predecessor-version":[{"id":1568,"href":"https:\/\/s-bond.de\/de\/wp-json\/wp\/v2\/pages\/979\/revisions\/1568"}],"wp:featuredmedia":[{"embeddable":true,"href":"https:\/\/s-bond.de\/de\/wp-json\/wp\/v2\/media\/145"}],"wp:attachment":[{"href":"https:\/\/s-bond.de\/de\/wp-json\/wp\/v2\/media?parent=979"}],"curies":[{"name":"wp","href":"https:\/\/api.w.org\/{rel}","templated":true}]}}